{"id":278,"date":"2018-12-19T09:49:36","date_gmt":"2018-12-19T08:49:36","guid":{"rendered":"http:\/\/www.tech-airconsulting.com\/?page_id=278"},"modified":"2026-03-16T11:35:39","modified_gmt":"2026-03-16T10:35:39","slug":"nos-realisations","status":"publish","type":"page","link":"https:\/\/www.tech-airconsulting.com\/?page_id=278","title":{"rendered":"R\u00e9alisations TECH-AIR CONSULTING aux normes CARSAT"},"content":{"rendered":"\t\t<div data-elementor-type=\"wp-page\" data-elementor-id=\"278\" class=\"elementor elementor-278\" data-elementor-post-type=\"page\">\n\t\t\t\t\t\t<section class=\"elementor-section elementor-top-section elementor-element elementor-element-010167e elementor-section-boxed elementor-section-height-default elementor-section-height-default\" data-id=\"010167e\" data-element_type=\"section\">\n\t\t\t\t\t\t<div class=\"elementor-container elementor-column-gap-default\">\n\t\t\t\t\t<div class=\"elementor-column elementor-col-100 elementor-top-column elementor-element elementor-element-fecaf00\" data-id=\"fecaf00\" data-element_type=\"column\">\n\t\t\t<div class=\"elementor-widget-wrap elementor-element-populated\">\n\t\t\t\t\t\t<div class=\"elementor-element elementor-element-1f75d9c elementor-grid-3 elementor-grid-tablet-2 elementor-grid-mobile-1 elementor-posts--thumbnail-top elementor-widget elementor-widget-posts\" data-id=\"1f75d9c\" data-element_type=\"widget\" data-settings=\"{&quot;pagination_type&quot;:&quot;numbers_and_prev_next&quot;,&quot;classic_columns&quot;:&quot;3&quot;,&quot;classic_columns_tablet&quot;:&quot;2&quot;,&quot;classic_columns_mobile&quot;:&quot;1&quot;,&quot;classic_row_gap&quot;:{&quot;unit&quot;:&quot;px&quot;,&quot;size&quot;:35,&quot;sizes&quot;:[]},&quot;classic_row_gap_tablet&quot;:{&quot;unit&quot;:&quot;px&quot;,&quot;size&quot;:&quot;&quot;,&quot;sizes&quot;:[]},&quot;classic_row_gap_mobile&quot;:{&quot;unit&quot;:&quot;px&quot;,&quot;size&quot;:&quot;&quot;,&quot;sizes&quot;:[]}}\" data-widget_type=\"posts.classic\">\n\t\t\t\t<div class=\"elementor-widget-container\">\n\t\t\t\t\t<div class=\"elementor-posts-container elementor-posts elementor-posts--skin-classic elementor-grid\">\n\t\t\t\t<article class=\"elementor-post elementor-grid-item post-1065 post type-post status-publish format-standard has-post-thumbnail hentry category-actus category-techair\">\n\t\t\t\t<a class=\"elementor-post__thumbnail__link\" href=\"https:\/\/www.tech-airconsulting.com\/?p=1065\" tabindex=\"-1\" >\n\t\t\t<div class=\"elementor-post__thumbnail\"><img fetchpriority=\"high\" decoding=\"async\" width=\"300\" height=\"225\" src=\"https:\/\/www.tech-airconsulting.com\/wp-content\/uploads\/2022\/02\/IMG_3933-300x225.jpg\" class=\"attachment-medium size-medium wp-image-1066\" alt=\"Mise aux normes d\u2019un atelier pour v\u00e9hicules de types Bus\" srcset=\"https:\/\/www.tech-airconsulting.com\/wp-content\/uploads\/2022\/02\/IMG_3933-300x225.jpg 300w, https:\/\/www.tech-airconsulting.com\/wp-content\/uploads\/2022\/02\/IMG_3933-768x576.jpg 768w, https:\/\/www.tech-airconsulting.com\/wp-content\/uploads\/2022\/02\/IMG_3933-1024x768.jpg 1024w, https:\/\/www.tech-airconsulting.com\/wp-content\/uploads\/2022\/02\/IMG_3933.jpg 1600w\" sizes=\"(max-width: 300px) 100vw, 300px\" \/><\/div>\n\t\t<\/a>\n\t\t\t\t<div class=\"elementor-post__text\">\n\t\t\t\t<h3 class=\"elementor-post__title\">\n\t\t\t<a href=\"https:\/\/www.tech-airconsulting.com\/?p=1065\" >\n\t\t\t\tMise aux normes d&rsquo;un atelier pour v\u00e9hicules de types Bus\t\t\t<\/a>\n\t\t<\/h3>\n\t\t\t\t<div class=\"elementor-post__excerpt\">\n\t\t\t<p>Fourniture et installation d&rsquo;un syst\u00e8me d&rsquo;extraction des gaz d&rsquo;\u00e9chappement pour des v\u00e9hicules de types Bus, Autocars, PL, VUL et VL. Mise aux normes de l&rsquo;atelier<\/p>\n\t\t<\/div>\n\t\t\t\t<\/div>\n\t\t\t\t<\/article>\n\t\t\t\t<article class=\"elementor-post elementor-grid-item post-1128 post type-post status-publish format-standard has-post-thumbnail hentry category-actus category-techair\">\n\t\t\t\t<a class=\"elementor-post__thumbnail__link\" href=\"https:\/\/www.tech-airconsulting.com\/?p=1128\" tabindex=\"-1\" >\n\t\t\t<div class=\"elementor-post__thumbnail\"><img decoding=\"async\" width=\"300\" height=\"224\" src=\"https:\/\/www.tech-airconsulting.com\/wp-content\/uploads\/2022\/09\/IMG_5019-300x224.jpg\" class=\"attachment-medium size-medium wp-image-1134\" alt=\"Installation CARSAT\/CRAM\" srcset=\"https:\/\/www.tech-airconsulting.com\/wp-content\/uploads\/2022\/09\/IMG_5019-300x224.jpg 300w, https:\/\/www.tech-airconsulting.com\/wp-content\/uploads\/2022\/09\/IMG_5019-768x572.jpg 768w, https:\/\/www.tech-airconsulting.com\/wp-content\/uploads\/2022\/09\/IMG_5019-1024x763.jpg 1024w, https:\/\/www.tech-airconsulting.com\/wp-content\/uploads\/2022\/09\/IMG_5019.jpg 1200w\" sizes=\"(max-width: 300px) 100vw, 300px\" \/><\/div>\n\t\t<\/a>\n\t\t\t\t<div class=\"elementor-post__text\">\n\t\t\t\t<h3 class=\"elementor-post__title\">\n\t\t\t<a href=\"https:\/\/www.tech-airconsulting.com\/?p=1128\" >\n\t\t\t\tInstallation CARSAT\/CRAM\t\t\t<\/a>\n\t\t<\/h3>\n\t\t\t\t<div class=\"elementor-post__excerpt\">\n\t\t\t<p>TECH-AIR CONSULTING c&rsquo;est aussi la remise en \u00e9tat de vos installations, afin de r\u00e9pondre \u00e0 nouveau aux normes CARSAT\/CRAM, et ainsi continuer de prot\u00e9ger la<\/p>\n\t\t<\/div>\n\t\t\t\t<\/div>\n\t\t\t\t<\/article>\n\t\t\t\t<article class=\"elementor-post elementor-grid-item post-645 post type-post status-publish format-standard has-post-thumbnail hentry category-actus category-techair\">\n\t\t\t\t<a class=\"elementor-post__thumbnail__link\" href=\"https:\/\/www.tech-airconsulting.com\/?p=645\" tabindex=\"-1\" >\n\t\t\t<div class=\"elementor-post__thumbnail\"><img decoding=\"async\" width=\"225\" height=\"300\" src=\"https:\/\/www.tech-airconsulting.com\/wp-content\/uploads\/2019\/06\/IMG_0390-225x300.jpg\" class=\"attachment-medium size-medium wp-image-649\" alt=\"\" srcset=\"https:\/\/www.tech-airconsulting.com\/wp-content\/uploads\/2019\/06\/IMG_0390-225x300.jpg 225w, https:\/\/www.tech-airconsulting.com\/wp-content\/uploads\/2019\/06\/IMG_0390-768x1024.jpg 768w, https:\/\/www.tech-airconsulting.com\/wp-content\/uploads\/2019\/06\/IMG_0390.jpg 800w\" sizes=\"(max-width: 225px) 100vw, 225px\" \/><\/div>\n\t\t<\/a>\n\t\t\t\t<div class=\"elementor-post__text\">\n\t\t\t\t<h3 class=\"elementor-post__title\">\n\t\t\t<a href=\"https:\/\/www.tech-airconsulting.com\/?p=645\" >\n\t\t\t\tAspiration des fum\u00e9es sur une forge\t\t\t<\/a>\n\t\t<\/h3>\n\t\t\t\t<div class=\"elementor-post__excerpt\">\n\t\t\t<p>Aspiration des fum\u00e9es sur une forge pour mise en conformit\u00e9 CARSAT du poste de travail et prot\u00e9ger la sant\u00e9 des op\u00e9rateurs. &nbsp; &nbsp; &nbsp; &nbsp;<\/p>\n\t\t<\/div>\n\t\t\t\t<\/div>\n\t\t\t\t<\/article>\n\t\t\t\t<article class=\"elementor-post elementor-grid-item post-415 post type-post status-publish format-standard has-post-thumbnail hentry category-techair\">\n\t\t\t\t<a class=\"elementor-post__thumbnail__link\" href=\"https:\/\/www.tech-airconsulting.com\/?p=415\" tabindex=\"-1\" >\n\t\t\t<div class=\"elementor-post__thumbnail\"><img loading=\"lazy\" decoding=\"async\" width=\"300\" height=\"225\" src=\"https:\/\/www.tech-airconsulting.com\/wp-content\/uploads\/2019\/01\/IMG_0072-300x225.jpg\" class=\"attachment-medium size-medium wp-image-431\" alt=\"\" srcset=\"https:\/\/www.tech-airconsulting.com\/wp-content\/uploads\/2019\/01\/IMG_0072-300x225.jpg 300w, https:\/\/www.tech-airconsulting.com\/wp-content\/uploads\/2019\/01\/IMG_0072-768x576.jpg 768w, https:\/\/www.tech-airconsulting.com\/wp-content\/uploads\/2019\/01\/IMG_0072.jpg 1024w\" sizes=\"(max-width: 300px) 100vw, 300px\" \/><\/div>\n\t\t<\/a>\n\t\t\t\t<div class=\"elementor-post__text\">\n\t\t\t\t<h3 class=\"elementor-post__title\">\n\t\t\t<a href=\"https:\/\/www.tech-airconsulting.com\/?p=415\" >\n\t\t\t\tInstallation d&rsquo;un syst\u00e8me d&rsquo;extraction des gaz d&rsquo;\u00e9chappement, chez un distributeur Volkswagen Seat Skoda.\t\t\t<\/a>\n\t\t<\/h3>\n\t\t\t\t<div class=\"elementor-post__excerpt\">\n\t\t\t\t\t<\/div>\n\t\t\t\t<\/div>\n\t\t\t\t<\/article>\n\t\t\t\t<article class=\"elementor-post elementor-grid-item post-1186 post type-post status-publish format-standard has-post-thumbnail hentry category-actus category-techair\">\n\t\t\t\t<a class=\"elementor-post__thumbnail__link\" href=\"https:\/\/www.tech-airconsulting.com\/?p=1186\" tabindex=\"-1\" >\n\t\t\t<div class=\"elementor-post__thumbnail\"><img loading=\"lazy\" decoding=\"async\" width=\"300\" height=\"225\" src=\"https:\/\/www.tech-airconsulting.com\/wp-content\/uploads\/2023\/03\/IMG_5440-300x225.jpg\" class=\"attachment-medium size-medium wp-image-1188\" alt=\"\" srcset=\"https:\/\/www.tech-airconsulting.com\/wp-content\/uploads\/2023\/03\/IMG_5440-300x225.jpg 300w, https:\/\/www.tech-airconsulting.com\/wp-content\/uploads\/2023\/03\/IMG_5440-768x576.jpg 768w, https:\/\/www.tech-airconsulting.com\/wp-content\/uploads\/2023\/03\/IMG_5440-1024x768.jpg 1024w, https:\/\/www.tech-airconsulting.com\/wp-content\/uploads\/2023\/03\/IMG_5440.jpg 1600w\" sizes=\"(max-width: 300px) 100vw, 300px\" \/><\/div>\n\t\t<\/a>\n\t\t\t\t<div class=\"elementor-post__text\">\n\t\t\t\t<h3 class=\"elementor-post__title\">\n\t\t\t<a href=\"https:\/\/www.tech-airconsulting.com\/?p=1186\" >\n\t\t\t\tEnrouleur m\u00e9canique autonome pour VL, VUL\t\t\t<\/a>\n\t\t<\/h3>\n\t\t\t\t<div class=\"elementor-post__excerpt\">\n\t\t\t<p>Fourniture et installation d&rsquo;un syst\u00e8me d&rsquo;extraction des gaz d&rsquo;\u00e9chappement, compos\u00e9 d&rsquo;un enrouleur m\u00e9canique autonome pour VL, VUL. Contr\u00f4le des d\u00e9bits \u00e0 l&rsquo;issue de l&rsquo;installation avec<\/p>\n\t\t<\/div>\n\t\t\t\t<\/div>\n\t\t\t\t<\/article>\n\t\t\t\t<article class=\"elementor-post elementor-grid-item post-815 post type-post status-publish format-standard has-post-thumbnail hentry category-actus category-techair\">\n\t\t\t\t<a class=\"elementor-post__thumbnail__link\" href=\"https:\/\/www.tech-airconsulting.com\/?p=815\" tabindex=\"-1\" >\n\t\t\t<div class=\"elementor-post__thumbnail\"><img loading=\"lazy\" decoding=\"async\" width=\"300\" height=\"225\" src=\"https:\/\/www.tech-airconsulting.com\/wp-content\/uploads\/2019\/11\/IMG_1132-300x225.jpg\" class=\"attachment-medium size-medium wp-image-818\" alt=\"\" srcset=\"https:\/\/www.tech-airconsulting.com\/wp-content\/uploads\/2019\/11\/IMG_1132-300x225.jpg 300w, https:\/\/www.tech-airconsulting.com\/wp-content\/uploads\/2019\/11\/IMG_1132-768x576.jpg 768w, https:\/\/www.tech-airconsulting.com\/wp-content\/uploads\/2019\/11\/IMG_1132-1024x768.jpg 1024w, https:\/\/www.tech-airconsulting.com\/wp-content\/uploads\/2019\/11\/IMG_1132.jpg 1600w\" sizes=\"(max-width: 300px) 100vw, 300px\" \/><\/div>\n\t\t<\/a>\n\t\t\t\t<div class=\"elementor-post__text\">\n\t\t\t\t<h3 class=\"elementor-post__title\">\n\t\t\t<a href=\"https:\/\/www.tech-airconsulting.com\/?p=815\" >\n\t\t\t\tInstallation d&rsquo;enrouleurs autonomes motoris\u00e9s\t\t\t<\/a>\n\t\t<\/h3>\n\t\t\t\t<div class=\"elementor-post__excerpt\">\n\t\t\t<p>Une installation d&rsquo;enrouleurs autonomes motoris\u00e9s avec t\u00e9l\u00e9commande \u00e0 distance et radiocommande, avec du tuyau flexible de 200mm de diam\u00e8tre et 10 m\u00e8tres de longueur, de<\/p>\n\t\t<\/div>\n\t\t\t\t<\/div>\n\t\t\t\t<\/article>\n\t\t\t\t<article class=\"elementor-post elementor-grid-item post-1348 post type-post status-publish format-standard has-post-thumbnail hentry category-actus category-techair\">\n\t\t\t\t<a class=\"elementor-post__thumbnail__link\" href=\"https:\/\/www.tech-airconsulting.com\/?p=1348\" tabindex=\"-1\" >\n\t\t\t<div class=\"elementor-post__thumbnail\"><img loading=\"lazy\" decoding=\"async\" width=\"300\" height=\"225\" src=\"https:\/\/www.tech-airconsulting.com\/wp-content\/uploads\/2024\/04\/IMG_0055-300x225.jpg\" class=\"attachment-medium size-medium wp-image-1355\" alt=\"\" srcset=\"https:\/\/www.tech-airconsulting.com\/wp-content\/uploads\/2024\/04\/IMG_0055-300x225.jpg 300w, https:\/\/www.tech-airconsulting.com\/wp-content\/uploads\/2024\/04\/IMG_0055-1024x768.jpg 1024w, https:\/\/www.tech-airconsulting.com\/wp-content\/uploads\/2024\/04\/IMG_0055-768x576.jpg 768w, https:\/\/www.tech-airconsulting.com\/wp-content\/uploads\/2024\/04\/IMG_0055-1536x1152.jpg 1536w, https:\/\/www.tech-airconsulting.com\/wp-content\/uploads\/2024\/04\/IMG_0055.jpg 1600w\" sizes=\"(max-width: 300px) 100vw, 300px\" \/><\/div>\n\t\t<\/a>\n\t\t\t\t<div class=\"elementor-post__text\">\n\t\t\t\t<h3 class=\"elementor-post__title\">\n\t\t\t<a href=\"https:\/\/www.tech-airconsulting.com\/?p=1348\" >\n\t\t\t\tHarley Reims 51 : Installation d\u2019un syst\u00e8me compos\u00e9 de DEUX enrouleurs m\u00e9caniques\t\t\t<\/a>\n\t\t<\/h3>\n\t\t\t\t<div class=\"elementor-post__excerpt\">\n\t\t\t<p>Pour la mise aux normes CARSAT\/CRAM de cet atelier de notre partenaire. La fourniture et l\u2019installation d\u2019un syst\u00e8me compos\u00e9 de DEUX enrouleurs m\u00e9caniques pour capter<\/p>\n\t\t<\/div>\n\t\t\t\t<\/div>\n\t\t\t\t<\/article>\n\t\t\t\t<article class=\"elementor-post elementor-grid-item post-874 post type-post status-publish format-standard has-post-thumbnail hentry category-actus category-techair\">\n\t\t\t\t<a class=\"elementor-post__thumbnail__link\" href=\"https:\/\/www.tech-airconsulting.com\/?p=874\" tabindex=\"-1\" >\n\t\t\t<div class=\"elementor-post__thumbnail\"><img loading=\"lazy\" decoding=\"async\" width=\"300\" height=\"225\" src=\"https:\/\/www.tech-airconsulting.com\/wp-content\/uploads\/2020\/07\/QXztu8f4Tjmc5MklygX4Q-300x225.jpg\" class=\"attachment-medium size-medium wp-image-869\" alt=\"\" srcset=\"https:\/\/www.tech-airconsulting.com\/wp-content\/uploads\/2020\/07\/QXztu8f4Tjmc5MklygX4Q-300x225.jpg 300w, https:\/\/www.tech-airconsulting.com\/wp-content\/uploads\/2020\/07\/QXztu8f4Tjmc5MklygX4Q-768x576.jpg 768w, https:\/\/www.tech-airconsulting.com\/wp-content\/uploads\/2020\/07\/QXztu8f4Tjmc5MklygX4Q-1024x768.jpg 1024w, https:\/\/www.tech-airconsulting.com\/wp-content\/uploads\/2020\/07\/QXztu8f4Tjmc5MklygX4Q.jpg 1600w\" sizes=\"(max-width: 300px) 100vw, 300px\" \/><\/div>\n\t\t<\/a>\n\t\t\t\t<div class=\"elementor-post__text\">\n\t\t\t\t<h3 class=\"elementor-post__title\">\n\t\t\t<a href=\"https:\/\/www.tech-airconsulting.com\/?p=874\" >\n\t\t\t\tPourquoi est-il si important d&rsquo;avoir un syst\u00e8me d&rsquo;extraction des gaz d&rsquo;\u00e9chappement ?\t\t\t<\/a>\n\t\t<\/h3>\n\t\t\t\t<div class=\"elementor-post__excerpt\">\n\t\t\t<p>R\u00c9PONSE : Pour GARANTIR LA SANT\u00c9 et la PROTECTION de vos salari\u00e9s dans des ateliers avec nos\u00a0SYST\u00c8MES D&rsquo;EXTRACTION des gaz d&rsquo;\u00e9chappement. TEHC-AIR CONSULTING, peut \u00e9tudier<\/p>\n\t\t<\/div>\n\t\t\t\t<\/div>\n\t\t\t\t<\/article>\n\t\t\t\t<article class=\"elementor-post elementor-grid-item post-1320 post type-post status-publish format-standard has-post-thumbnail hentry category-actus category-techair\">\n\t\t\t\t<a class=\"elementor-post__thumbnail__link\" href=\"https:\/\/www.tech-airconsulting.com\/?p=1320\" tabindex=\"-1\" >\n\t\t\t<div class=\"elementor-post__thumbnail\"><img loading=\"lazy\" decoding=\"async\" width=\"225\" height=\"300\" src=\"https:\/\/www.tech-airconsulting.com\/wp-content\/uploads\/2024\/04\/IMG_0654-2-225x300.jpg\" class=\"attachment-medium size-medium wp-image-1324\" alt=\"\" srcset=\"https:\/\/www.tech-airconsulting.com\/wp-content\/uploads\/2024\/04\/IMG_0654-2-225x300.jpg 225w, https:\/\/www.tech-airconsulting.com\/wp-content\/uploads\/2024\/04\/IMG_0654-2-768x1024.jpg 768w, https:\/\/www.tech-airconsulting.com\/wp-content\/uploads\/2024\/04\/IMG_0654-2-1152x1536.jpg 1152w, https:\/\/www.tech-airconsulting.com\/wp-content\/uploads\/2024\/04\/IMG_0654-2.jpg 1200w\" sizes=\"(max-width: 225px) 100vw, 225px\" \/><\/div>\n\t\t<\/a>\n\t\t\t\t<div class=\"elementor-post__text\">\n\t\t\t\t<h3 class=\"elementor-post__title\">\n\t\t\t<a href=\"https:\/\/www.tech-airconsulting.com\/?p=1320\" >\n\t\t\t\tCouverture et Bras articul\u00e9 aspirant les fum\u00e9es de soudures\t\t\t<\/a>\n\t\t<\/h3>\n\t\t\t\t<div class=\"elementor-post__excerpt\">\n\t\t\t<p>Pour la mise aux normes CARSAT\/CRAM de cet atelier de notre partenaire. La fourniture et l\u2019installation d\u2019un syst\u00e8me compos\u00e9 d\u2019un bras articul\u00e9 aspirant pour capter<\/p>\n\t\t<\/div>\n\t\t\t\t<\/div>\n\t\t\t\t<\/article>\n\t\t\t\t<\/div>\n\t\t\n\t\t\t\t<div class=\"e-load-more-anchor\" data-page=\"1\" data-max-page=\"12\" data-next-page=\"https:\/\/www.tech-airconsulting.com\/index.php?rest_route=%2Fwp%2Fv2%2Fpages%2F278&#038;paged=2\"><\/div>\n\t\t\t\t<nav class=\"elementor-pagination\" aria-label=\"Pagination\">\n\t\t\t<span class=\"page-numbers prev\">&laquo; Pr\u00e9c\u00e9dente<\/span>\n<span aria-current=\"page\" class=\"page-numbers current\"><span class=\"elementor-screen-only\">Page<\/span>1<\/span>\n<a class=\"page-numbers\" href=\"https:\/\/www.tech-airconsulting.com\/index.php\/?paged=2&#038;rest_route=%2Fwp%2Fv2%2Fpages%2F278\"><span class=\"elementor-screen-only\">Page<\/span>2<\/a>\n<a class=\"page-numbers\" href=\"https:\/\/www.tech-airconsulting.com\/index.php\/?paged=3&#038;rest_route=%2Fwp%2Fv2%2Fpages%2F278\"><span class=\"elementor-screen-only\">Page<\/span>3<\/a>\n<a class=\"page-numbers\" href=\"https:\/\/www.tech-airconsulting.com\/index.php\/?paged=4&#038;rest_route=%2Fwp%2Fv2%2Fpages%2F278\"><span class=\"elementor-screen-only\">Page<\/span>4<\/a>\n<a class=\"page-numbers\" href=\"https:\/\/www.tech-airconsulting.com\/index.php\/?paged=5&#038;rest_route=%2Fwp%2Fv2%2Fpages%2F278\"><span class=\"elementor-screen-only\">Page<\/span>5<\/a>\n<a class=\"page-numbers\" href=\"https:\/\/www.tech-airconsulting.com\/index.php\/?paged=6&#038;rest_route=%2Fwp%2Fv2%2Fpages%2F278\"><span class=\"elementor-screen-only\">Page<\/span>6<\/a>\n<a class=\"page-numbers\" href=\"https:\/\/www.tech-airconsulting.com\/index.php\/?paged=7&#038;rest_route=%2Fwp%2Fv2%2Fpages%2F278\"><span class=\"elementor-screen-only\">Page<\/span>7<\/a>\n<a class=\"page-numbers\" href=\"https:\/\/www.tech-airconsulting.com\/index.php\/?paged=8&#038;rest_route=%2Fwp%2Fv2%2Fpages%2F278\"><span class=\"elementor-screen-only\">Page<\/span>8<\/a>\n<a class=\"page-numbers\" href=\"https:\/\/www.tech-airconsulting.com\/index.php\/?paged=9&#038;rest_route=%2Fwp%2Fv2%2Fpages%2F278\"><span class=\"elementor-screen-only\">Page<\/span>9<\/a>\n<a class=\"page-numbers\" href=\"https:\/\/www.tech-airconsulting.com\/index.php\/?paged=10&#038;rest_route=%2Fwp%2Fv2%2Fpages%2F278\"><span class=\"elementor-screen-only\">Page<\/span>10<\/a>\n<a class=\"page-numbers\" href=\"https:\/\/www.tech-airconsulting.com\/index.php\/?paged=11&#038;rest_route=%2Fwp%2Fv2%2Fpages%2F278\"><span class=\"elementor-screen-only\">Page<\/span>11<\/a>\n<a class=\"page-numbers\" href=\"https:\/\/www.tech-airconsulting.com\/index.php\/?paged=12&#038;rest_route=%2Fwp%2Fv2%2Fpages%2F278\"><span class=\"elementor-screen-only\">Page<\/span>12<\/a>\n<a class=\"page-numbers next\" href=\"https:\/\/www.tech-airconsulting.com\/index.php?rest_route=%2Fwp%2Fv2%2Fpages%2F278&#038;paged=2\">Suivante &raquo;<\/a>\t\t<\/nav>\n\t\t\t\t<\/div>\n\t\t\t\t<\/div>\n\t\t\t\t\t<\/div>\n\t\t<\/div>\n\t\t\t\t\t<\/div>\n\t\t<\/section>\n\t\t\t\t<section class=\"elementor-section elementor-top-section elementor-element elementor-element-ada0a27 elementor-section-boxed elementor-section-height-default elementor-section-height-default\" data-id=\"ada0a27\" data-element_type=\"section\">\n\t\t\t\t\t\t<div class=\"elementor-container elementor-column-gap-default\">\n\t\t\t\t\t<div class=\"elementor-column elementor-col-100 elementor-top-column elementor-element elementor-element-cb47fdb\" data-id=\"cb47fdb\" data-element_type=\"column\">\n\t\t\t<div class=\"elementor-widget-wrap elementor-element-populated\">\n\t\t\t\t\t\t\t<\/div>\n\t\t<\/div>\n\t\t\t\t\t<\/div>\n\t\t<\/section>\n\t\t\t\t<\/div>\n\t\t","protected":false},"excerpt":{"rendered":"","protected":false},"author":1,"featured_media":0,"parent":0,"menu_order":0,"comment_status":"closed","ping_status":"closed","template":"","meta":{"footnotes":""},"_links":{"self":[{"href":"https:\/\/www.tech-airconsulting.com\/index.php?rest_route=\/wp\/v2\/pages\/278"}],"collection":[{"href":"https:\/\/www.tech-airconsulting.com\/index.php?rest_route=\/wp\/v2\/pages"}],"about":[{"href":"https:\/\/www.tech-airconsulting.com\/index.php?rest_route=\/wp\/v2\/types\/page"}],"author":[{"embeddable":true,"href":"https:\/\/www.tech-airconsulting.com\/index.php?rest_route=\/wp\/v2\/users\/1"}],"replies":[{"embeddable":true,"href":"https:\/\/www.tech-airconsulting.com\/index.php?rest_route=%2Fwp%2Fv2%2Fcomments&post=278"}],"version-history":[{"count":8,"href":"https:\/\/www.tech-airconsulting.com\/index.php?rest_route=\/wp\/v2\/pages\/278\/revisions"}],"predecessor-version":[{"id":1471,"href":"https:\/\/www.tech-airconsulting.com\/index.php?rest_route=\/wp\/v2\/pages\/278\/revisions\/1471"}],"wp:attachment":[{"href":"https:\/\/www.tech-airconsulting.com\/index.php?rest_route=%2Fwp%2Fv2%2Fmedia&parent=278"}],"curies":[{"name":"wp","href":"https:\/\/api.w.org\/{rel}","templated":true}]}}