{"id":31,"date":"2018-11-20T08:54:20","date_gmt":"2018-11-20T07:54:20","guid":{"rendered":"http:\/\/www.tech-airconsulting.com\/?page_id=31"},"modified":"2019-04-24T09:17:02","modified_gmt":"2019-04-24T07:17:02","slug":"carsat","status":"publish","type":"page","link":"https:\/\/www.tech-airconsulting.com\/?page_id=31","title":{"rendered":"SYST\u00caME AUX NORMES CARSAT"},"content":{"rendered":"\t\t<div data-elementor-type=\"wp-post\" data-elementor-id=\"31\" class=\"elementor elementor-31 elementor-bc-flex-widget\" data-elementor-post-type=\"page\">\n\t\t\t\t\t\t<section class=\"elementor-section elementor-top-section elementor-element elementor-element-0e94f00 elementor-section-stretched elementor-section-boxed elementor-section-height-default elementor-section-height-default\" data-id=\"0e94f00\" data-element_type=\"section\" data-settings=\"{&quot;stretch_section&quot;:&quot;section-stretched&quot;,&quot;background_background&quot;:&quot;classic&quot;}\">\n\t\t\t\t\t\t<div class=\"elementor-container elementor-column-gap-default\">\n\t\t\t\t\t<div class=\"elementor-column elementor-col-100 elementor-top-column elementor-element elementor-element-7df0d3d\" data-id=\"7df0d3d\" data-element_type=\"column\">\n\t\t\t<div class=\"elementor-widget-wrap elementor-element-populated\">\n\t\t\t\t\t\t<div class=\"elementor-element elementor-element-5afcffb elementor--h-position-center elementor--v-position-middle elementor-arrows-position-inside elementor-pagination-position-inside elementor-widget elementor-widget-slides\" data-id=\"5afcffb\" data-element_type=\"widget\" data-settings=\"{&quot;navigation&quot;:&quot;both&quot;,&quot;autoplay&quot;:&quot;yes&quot;,&quot;pause_on_hover&quot;:&quot;yes&quot;,&quot;pause_on_interaction&quot;:&quot;yes&quot;,&quot;autoplay_speed&quot;:5000,&quot;infinite&quot;:&quot;yes&quot;,&quot;transition&quot;:&quot;slide&quot;,&quot;transition_speed&quot;:500}\" data-widget_type=\"slides.default\">\n\t\t\t\t<div class=\"elementor-widget-container\">\n\t\t\t\t\t<div class=\"elementor-swiper\">\n\t\t\t<div class=\"elementor-slides-wrapper elementor-main-swiper swiper\" dir=\"ltr\" data-animation=\"fadeInUp\">\n\t\t\t\t<div class=\"swiper-wrapper elementor-slides\">\n\t\t\t\t\t\t\t\t\t\t<div class=\"elementor-repeater-item-84443cd swiper-slide\"><div class=\"swiper-slide-bg elementor-ken-burns elementor-ken-burns--in\" role=\"img\"><\/div><div class=\"swiper-slide-inner\" ><div class=\"swiper-slide-contents\"><\/div><\/div><\/div><div class=\"elementor-repeater-item-43ca797 swiper-slide\"><div class=\"swiper-slide-bg elementor-ken-burns elementor-ken-burns--in\" role=\"img\"><\/div><div class=\"swiper-slide-inner\" ><div class=\"swiper-slide-contents\"><\/div><\/div><\/div><div class=\"elementor-repeater-item-3de9b17 swiper-slide\"><div class=\"swiper-slide-bg elementor-ken-burns elementor-ken-burns--in\" role=\"img\"><\/div><div class=\"swiper-slide-inner\" ><div class=\"swiper-slide-contents\"><\/div><\/div><\/div>\t\t\t\t<\/div>\n\t\t\t\t\t\t\t\t\t\t\t\t\t\t\t<div class=\"swiper-pagination\"><\/div>\n\t\t\t\t\t\t\t\t\t\t\t\t\t\t\t\t<div class=\"elementor-swiper-button elementor-swiper-button-prev\" role=\"button\" tabindex=\"0\">\n\t\t\t\t\t\t\t<i aria-hidden=\"true\" class=\"eicon-chevron-left\"><\/i>\t\t\t\t\t\t\t<span class=\"elementor-screen-only\">Diapositive pr\u00e9c\u00e9dente<\/span>\n\t\t\t\t\t\t<\/div>\n\t\t\t\t\t\t<div class=\"elementor-swiper-button elementor-swiper-button-next\" role=\"button\" tabindex=\"0\">\n\t\t\t\t\t\t\t<i aria-hidden=\"true\" class=\"eicon-chevron-right\"><\/i>\t\t\t\t\t\t\t<span class=\"elementor-screen-only\">Diapositive suivante<\/span>\n\t\t\t\t\t\t<\/div>\n\t\t\t\t\t\t\t\t\t\t\t\t<\/div>\n\t\t<\/div>\n\t\t\t\t<\/div>\n\t\t\t\t<\/div>\n\t\t\t\t\t<\/div>\n\t\t<\/div>\n\t\t\t\t\t<\/div>\n\t\t<\/section>\n\t\t\t\t<section class=\"elementor-section elementor-top-section elementor-element elementor-element-7e058491 elementor-section-boxed elementor-section-height-default elementor-section-height-default\" data-id=\"7e058491\" data-element_type=\"section\">\n\t\t\t\t\t\t<div class=\"elementor-container elementor-column-gap-default\">\n\t\t\t\t\t<div class=\"elementor-column elementor-col-100 elementor-top-column elementor-element elementor-element-535ae281\" data-id=\"535ae281\" data-element_type=\"column\">\n\t\t\t<div class=\"elementor-widget-wrap elementor-element-populated\">\n\t\t\t\t\t\t<div class=\"elementor-element elementor-element-357b7979 elementor-widget elementor-widget-text-editor\" data-id=\"357b7979\" data-element_type=\"widget\" data-widget_type=\"text-editor.default\">\n\t\t\t\t<div class=\"elementor-widget-container\">\n\t\t\t\t\t\t\t<p>En 2013, on recensait plus de 4700 garages et carrosseries automobiles en Rh\u00f4ne-Alpes. Leurs salari\u00e9s sont expos\u00e9s \u00e0 des risques professionnels divers et l\u2019un des moins connus d\u2019entre eux est celui li\u00e9 \u00e0 l\u2019utilisation des produits chimiques.<\/p><p>Sur ce sujet, la pr\u00e9vention passe avant tout par la substitution puis, si ce n\u2019est pas possible, c\u2019est la mise en place de protections collectives qu\u2019il faut envisager en priorit\u00e9.<\/p><p>Les produits chimiques utilis\u00e9s dans les garages\/carrosseries (appr\u00eats, mastics, peintures \u00e0 l\u2019eau ou vernis aux solvants,\u2026) peuvent comporter des compos\u00e9s allerg\u00e8nes puissants (ex : isocyanates), toxiques, voir canc\u00e9rog\u00e8nes ou reprotoxiques (ex : chromates de plomb, tolu\u00e8ne,..). Cette brochure a pour objectif de donner au lecteur les informations n\u00e9cessaires pour v\u00e9rifier et\/ou faire installer les diff\u00e9rents dispositifs de protection collective, indispensables dans ce type d\u2019activit\u00e9.<br \/><br \/><\/p>\t\t\t\t\t\t<\/div>\n\t\t\t\t<\/div>\n\t\t\t\t<div class=\"elementor-element elementor-element-7317f8a elementor-button-info elementor-align-justify elementor-widget elementor-widget-button\" data-id=\"7317f8a\" data-element_type=\"widget\" data-widget_type=\"button.default\">\n\t\t\t\t<div class=\"elementor-widget-container\">\n\t\t\t\t\t<div class=\"elementor-button-wrapper\">\n\t\t\t<a class=\"elementor-button elementor-button-link elementor-size-sm\" href=\"\/wp-content\/uploads\/2018\/12\/prevention-du-risque-chimique.pdf\" target=\"_blank\">\n\t\t\t\t\t\t<span class=\"elementor-button-content-wrapper\">\n\t\t\t\t\t\t<span class=\"elementor-button-text\">T\u00e9l\u00e9chargez la brochure sur la pr\u00e9vention du risque chimique dans les atelier de carosserie et de m\u00e9canique VL et PL<\/span>\n\t\t<\/span>\n\t\t\t\t\t<\/a>\n\t\t<\/div>\n\t\t\t\t<\/div>\n\t\t\t\t<\/div>\n\t\t\t\t<div class=\"elementor-element elementor-element-e1daa07 elementor-widget elementor-widget-text-editor\" data-id=\"e1daa07\" data-element_type=\"widget\" data-widget_type=\"text-editor.default\">\n\t\t\t\t<div class=\"elementor-widget-container\">\n\t\t\t\t\t\t\t<p>La St\u00e9 TECH-AIR vous propose la mise aux normes et l\u2019entretien de vos installations, d\u2019extraction des gaz d\u2019\u00e9chappements, d\u2019aspiration de filtration des poussi\u00e8res de pon\u00e7ages, et aspiration industrielle.<\/p><p>La mise aux normes comprend audit de votre installation, contr\u00f4leuse d\u00e9bits d\u2019aspiration et contr\u00f4le des filtres (sur cabine de peinture, centrale d\u2019aspiration Haute Pression), avec remise d\u2019un rapport de contr\u00f4le complet.<\/p>\t\t\t\t\t\t<\/div>\n\t\t\t\t<\/div>\n\t\t\t\t\t<\/div>\n\t\t<\/div>\n\t\t\t\t\t<\/div>\n\t\t<\/section>\n\t\t\t\t<\/div>\n\t\t","protected":false},"excerpt":{"rendered":"<p>En 2013, on recensait plus de 4700 garages et carrosseries automobiles en Rh\u00f4ne-Alpes. Leurs salari\u00e9s sont expos\u00e9s \u00e0 des risques professionnels divers et l\u2019un des moins connus d\u2019entre eux est celui li\u00e9 \u00e0 l\u2019utilisation des produits chimiques. Sur ce sujet, la pr\u00e9vention passe avant tout par la substitution puis, si ce n\u2019est pas possible, c\u2019est &hellip;<\/p>\n<p class=\"read-more\"> <a class=\"\" href=\"https:\/\/www.tech-airconsulting.com\/?page_id=31\"> <span class=\"screen-reader-text\">SYST\u00caME AUX NORMES CARSAT<\/span>Lire plus &raquo;<\/a><\/p>\n","protected":false},"author":1,"featured_media":0,"parent":0,"menu_order":0,"comment_status":"closed","ping_status":"closed","template":"","meta":{"footnotes":""},"_links":{"self":[{"href":"https:\/\/www.tech-airconsulting.com\/index.php?rest_route=\/wp\/v2\/pages\/31"}],"collection":[{"href":"https:\/\/www.tech-airconsulting.com\/index.php?rest_route=\/wp\/v2\/pages"}],"about":[{"href":"https:\/\/www.tech-airconsulting.com\/index.php?rest_route=\/wp\/v2\/types\/page"}],"author":[{"embeddable":true,"href":"https:\/\/www.tech-airconsulting.com\/index.php?rest_route=\/wp\/v2\/users\/1"}],"replies":[{"embeddable":true,"href":"https:\/\/www.tech-airconsulting.com\/index.php?rest_route=%2Fwp%2Fv2%2Fcomments&post=31"}],"version-history":[{"count":12,"href":"https:\/\/www.tech-airconsulting.com\/index.php?rest_route=\/wp\/v2\/pages\/31\/revisions"}],"predecessor-version":[{"id":627,"href":"https:\/\/www.tech-airconsulting.com\/index.php?rest_route=\/wp\/v2\/pages\/31\/revisions\/627"}],"wp:attachment":[{"href":"https:\/\/www.tech-airconsulting.com\/index.php?rest_route=%2Fwp%2Fv2%2Fmedia&parent=31"}],"curies":[{"name":"wp","href":"https:\/\/api.w.org\/{rel}","templated":true}]}}