{"id":37,"date":"2018-11-20T08:55:16","date_gmt":"2018-11-20T07:55:16","guid":{"rendered":"http:\/\/www.tech-airconsulting.com\/?page_id=37"},"modified":"2019-03-13T10:52:11","modified_gmt":"2019-03-13T09:52:11","slug":"maintenance","status":"publish","type":"page","link":"https:\/\/www.tech-airconsulting.com\/?page_id=37","title":{"rendered":"MAINTENANCE, ENTRETIEN, REMISE EN \u00c9TAT ET CONTR\u00d4LE DES D\u00c9BITS"},"content":{"rendered":"\t\t<div data-elementor-type=\"wp-post\" data-elementor-id=\"37\" class=\"elementor elementor-37 elementor-bc-flex-widget\" data-elementor-post-type=\"page\">\n\t\t\t\t\t\t<section class=\"elementor-section elementor-top-section elementor-element elementor-element-8fc6032 elementor-section-boxed elementor-section-height-default elementor-section-height-default\" data-id=\"8fc6032\" data-element_type=\"section\">\n\t\t\t\t\t\t<div class=\"elementor-container elementor-column-gap-default\">\n\t\t\t\t\t<div class=\"elementor-column elementor-col-100 elementor-top-column elementor-element elementor-element-d41d721\" data-id=\"d41d721\" data-element_type=\"column\">\n\t\t\t<div class=\"elementor-widget-wrap elementor-element-populated\">\n\t\t\t\t\t\t<div class=\"elementor-element elementor-element-46845be elementor--h-position-center elementor--v-position-middle elementor-arrows-position-inside elementor-pagination-position-inside elementor-widget elementor-widget-slides\" data-id=\"46845be\" data-element_type=\"widget\" data-settings=\"{&quot;navigation&quot;:&quot;both&quot;,&quot;autoplay&quot;:&quot;yes&quot;,&quot;pause_on_hover&quot;:&quot;yes&quot;,&quot;pause_on_interaction&quot;:&quot;yes&quot;,&quot;autoplay_speed&quot;:5000,&quot;infinite&quot;:&quot;yes&quot;,&quot;transition&quot;:&quot;slide&quot;,&quot;transition_speed&quot;:500}\" data-widget_type=\"slides.default\">\n\t\t\t\t<div class=\"elementor-widget-container\">\n\t\t\t\t\t<div class=\"elementor-swiper\">\n\t\t\t<div class=\"elementor-slides-wrapper elementor-main-swiper swiper\" dir=\"ltr\" data-animation=\"fadeInUp\">\n\t\t\t\t<div class=\"swiper-wrapper elementor-slides\">\n\t\t\t\t\t\t\t\t\t\t<div class=\"elementor-repeater-item-dbeb725 swiper-slide\"><div class=\"swiper-slide-bg elementor-ken-burns elementor-ken-burns--in\" role=\"img\"><\/div><div class=\"swiper-slide-inner\" ><div class=\"swiper-slide-contents\"><\/div><\/div><\/div><div class=\"elementor-repeater-item-a25d267 swiper-slide\"><div class=\"swiper-slide-bg elementor-ken-burns elementor-ken-burns--out\" role=\"img\"><\/div><div class=\"swiper-slide-inner\" ><div class=\"swiper-slide-contents\"><\/div><\/div><\/div><div class=\"elementor-repeater-item-e85c031 swiper-slide\"><div class=\"swiper-slide-bg elementor-ken-burns elementor-ken-burns--in\" role=\"img\"><\/div><div class=\"swiper-slide-inner\" ><div class=\"swiper-slide-contents\"><\/div><\/div><\/div><div class=\"elementor-repeater-item-e187158 swiper-slide\"><div class=\"swiper-slide-bg elementor-ken-burns elementor-ken-burns--out\" role=\"img\"><\/div><div class=\"swiper-slide-inner\" ><div class=\"swiper-slide-contents\"><\/div><\/div><\/div><div class=\"elementor-repeater-item-59ed94d swiper-slide\"><div class=\"swiper-slide-bg elementor-ken-burns elementor-ken-burns--in\" role=\"img\"><\/div><div class=\"swiper-slide-inner\" ><div class=\"swiper-slide-contents\"><\/div><\/div><\/div><div class=\"elementor-repeater-item-410e4d1 swiper-slide\"><div class=\"swiper-slide-bg elementor-ken-burns elementor-ken-burns--out\" role=\"img\"><\/div><div class=\"swiper-slide-inner\" ><div class=\"swiper-slide-contents\"><\/div><\/div><\/div>\t\t\t\t<\/div>\n\t\t\t\t\t\t\t\t\t\t\t\t\t\t\t<div class=\"swiper-pagination\"><\/div>\n\t\t\t\t\t\t\t\t\t\t\t\t\t\t\t\t<div class=\"elementor-swiper-button elementor-swiper-button-prev\" role=\"button\" tabindex=\"0\">\n\t\t\t\t\t\t\t<i aria-hidden=\"true\" class=\"eicon-chevron-left\"><\/i>\t\t\t\t\t\t\t<span class=\"elementor-screen-only\">Diapositive pr\u00e9c\u00e9dente<\/span>\n\t\t\t\t\t\t<\/div>\n\t\t\t\t\t\t<div class=\"elementor-swiper-button elementor-swiper-button-next\" role=\"button\" tabindex=\"0\">\n\t\t\t\t\t\t\t<i aria-hidden=\"true\" class=\"eicon-chevron-right\"><\/i>\t\t\t\t\t\t\t<span class=\"elementor-screen-only\">Diapositive suivante<\/span>\n\t\t\t\t\t\t<\/div>\n\t\t\t\t\t\t\t\t\t\t\t\t<\/div>\n\t\t<\/div>\n\t\t\t\t<\/div>\n\t\t\t\t<\/div>\n\t\t\t\t\t<\/div>\n\t\t<\/div>\n\t\t\t\t\t<\/div>\n\t\t<\/section>\n\t\t\t\t<section class=\"elementor-section elementor-top-section elementor-element elementor-element-15ed733 elementor-section-boxed elementor-section-height-default elementor-section-height-default\" data-id=\"15ed733\" data-element_type=\"section\">\n\t\t\t\t\t\t<div class=\"elementor-container elementor-column-gap-default\">\n\t\t\t\t\t<div class=\"elementor-column elementor-col-100 elementor-top-column elementor-element elementor-element-9efee55\" data-id=\"9efee55\" data-element_type=\"column\">\n\t\t\t<div class=\"elementor-widget-wrap elementor-element-populated\">\n\t\t\t\t\t\t<div class=\"elementor-element elementor-element-cc3fb56 elementor-widget elementor-widget-text-editor\" data-id=\"cc3fb56\" data-element_type=\"widget\" data-widget_type=\"text-editor.default\">\n\t\t\t\t<div class=\"elementor-widget-container\">\n\t\t\t\t\t\t\t<p>La soci\u00e9t\u00e9 TECH-AIR service Maintenance est sp\u00e9cialis\u00e9e dans le domaine des syst\u00e8mes d\u2019extraction des gaz d\u2019\u00e9chappements, aspiration poussi\u00e8res de pon\u00e7ages, les cabines de peinture professionnelles en carrosserie et industrie : installation, contr\u00f4les r\u00e8glementaires, nettoyage, entretien, r\u00e9paration, pi\u00e8ces d\u00e9tach\u00e9es, conseil&#8230;<\/p>\t\t\t\t\t\t<\/div>\n\t\t\t\t<\/div>\n\t\t\t\t<div class=\"elementor-element elementor-element-dc02b90 elementor-widget elementor-widget-text-editor\" data-id=\"dc02b90\" data-element_type=\"widget\" data-widget_type=\"text-editor.default\">\n\t\t\t\t<div class=\"elementor-widget-container\">\n\t\t\t\t\t\t\t<p>Nous pouvons assurer l\u2019entretien et les contr\u00f4les de d\u00e9bits de vos installations existantes, conform\u00e9ment \u00e0 l\u2019<a href=\"https:\/\/www.legifrance.gouv.fr\/affichTexte.do?cidTexte=JORFTEXT000000338994\" target=\"_blank\" rel=\"noopener\">ARTICLE DU CODE DU TRAVAIL R. 235-5 et l\u2019arr\u00eat\u00e9 du 9 octobre 1987<\/a>, l\u2019administration fait obligation au chef d\u2019\u00e9tablissement de faire contr\u00f4ler l\u2019installation d\u2019extraction d\u2019air, afin de v\u00e9rifier les d\u00e9bits. Une premi\u00e8re fois dans le mois qui suive la mise en place de l\u2019installation, et ensuite tous les 12 mois.\u200b<\/p>\t\t\t\t\t\t<\/div>\n\t\t\t\t<\/div>\n\t\t\t\t\t<\/div>\n\t\t<\/div>\n\t\t\t\t\t<\/div>\n\t\t<\/section>\n\t\t\t\t<section class=\"elementor-section elementor-top-section elementor-element elementor-element-7c67e76 elementor-section-boxed elementor-section-height-default elementor-section-height-default\" data-id=\"7c67e76\" data-element_type=\"section\">\n\t\t\t\t\t\t<div class=\"elementor-container elementor-column-gap-default\">\n\t\t\t\t\t<div class=\"elementor-column elementor-col-100 elementor-top-column elementor-element elementor-element-f0159b8\" data-id=\"f0159b8\" data-element_type=\"column\">\n\t\t\t<div class=\"elementor-widget-wrap elementor-element-populated\">\n\t\t\t\t\t\t<div class=\"elementor-element elementor-element-6eb7440 elementor-widget elementor-widget-image\" data-id=\"6eb7440\" data-element_type=\"widget\" data-widget_type=\"image.default\">\n\t\t\t\t<div class=\"elementor-widget-container\">\n\t\t\t\t\t\t\t\t\t\t\t\t\t<img fetchpriority=\"high\" decoding=\"async\" width=\"900\" height=\"325\" src=\"https:\/\/www.tech-airconsulting.com\/wp-content\/uploads\/2018\/11\/extracteurs.jpg\" class=\"attachment-large size-large wp-image-108\" alt=\"\" srcset=\"https:\/\/www.tech-airconsulting.com\/wp-content\/uploads\/2018\/11\/extracteurs.jpg 900w, https:\/\/www.tech-airconsulting.com\/wp-content\/uploads\/2018\/11\/extracteurs-300x108.jpg 300w, https:\/\/www.tech-airconsulting.com\/wp-content\/uploads\/2018\/11\/extracteurs-768x277.jpg 768w\" sizes=\"(max-width: 900px) 100vw, 900px\" \/>\t\t\t\t\t\t\t\t\t\t\t\t\t<\/div>\n\t\t\t\t<\/div>\n\t\t\t\t\t<\/div>\n\t\t<\/div>\n\t\t\t\t\t<\/div>\n\t\t<\/section>\n\t\t\t\t<section class=\"elementor-section elementor-top-section elementor-element elementor-element-ea6ce7e elementor-section-boxed elementor-section-height-default elementor-section-height-default\" data-id=\"ea6ce7e\" data-element_type=\"section\">\n\t\t\t\t\t\t<div class=\"elementor-container elementor-column-gap-default\">\n\t\t\t\t\t<div class=\"elementor-column elementor-col-50 elementor-top-column elementor-element elementor-element-1a40094\" data-id=\"1a40094\" data-element_type=\"column\">\n\t\t\t<div class=\"elementor-widget-wrap elementor-element-populated\">\n\t\t\t\t\t\t<div class=\"elementor-element elementor-element-9a03cb9 elementor-widget elementor-widget-text-editor\" data-id=\"9a03cb9\" data-element_type=\"widget\" data-widget_type=\"text-editor.default\">\n\t\t\t\t<div class=\"elementor-widget-container\">\n\t\t\t\t\t\t\t<p>Nous intervenons dans toute la France, pour tous types d\u2019installation et pour toutes les marques.<\/p><p>Nous proposons des contrats de maintenance avec suivi p\u00e9riodique, contr\u00f4le technique obligatoire(des d\u00e9bit\u2026etc etc), remplacement des filtres et autres fournitures, assistance et d\u00e9pannage.<\/p><p>\u00c0 l&rsquo;issue de chaque visite, nous vous remettons un rapport d\u00e9taill\u00e9 sur l&rsquo;\u00e9tat de votre mat\u00e9riel, les points de contr\u00f4le et mesures de filtration qui ont \u00e9t\u00e9 effectu\u00e9s, les pi\u00e8ces qui ont \u00e9t\u00e9 remplac\u00e9es et les interventions qui ont \u00e9t\u00e9 r\u00e9alis\u00e9es, celles qui seront \u00e0 pr\u00e9voir et dans quel d\u00e9lais, pour un fonctionnement optimal de votre \u00e9quipement.<\/p>\t\t\t\t\t\t<\/div>\n\t\t\t\t<\/div>\n\t\t\t\t\t<\/div>\n\t\t<\/div>\n\t\t\t\t<div class=\"elementor-column elementor-col-50 elementor-top-column elementor-element elementor-element-ead291e\" data-id=\"ead291e\" data-element_type=\"column\">\n\t\t\t<div class=\"elementor-widget-wrap elementor-element-populated\">\n\t\t\t\t\t\t<div class=\"elementor-element elementor-element-9cbbda1 elementor-widget elementor-widget-image\" data-id=\"9cbbda1\" data-element_type=\"widget\" data-widget_type=\"image.default\">\n\t\t\t\t<div class=\"elementor-widget-container\">\n\t\t\t\t\t\t\t\t\t\t\t\t\t<img decoding=\"async\" width=\"640\" height=\"480\" src=\"https:\/\/www.tech-airconsulting.com\/wp-content\/uploads\/2018\/11\/Compresseur-dair-comprim\u00e9e-avec-r\u00e9seau-dair-comprim\u00e9e-1.xnbak_.jpg\" class=\"attachment-large size-large wp-image-151\" alt=\"Compresseur d&#039;air comprim\u00e9e avec r\u00e9seau d&#039;air comprim\u00e9e\" srcset=\"https:\/\/www.tech-airconsulting.com\/wp-content\/uploads\/2018\/11\/Compresseur-dair-comprim\u00e9e-avec-r\u00e9seau-dair-comprim\u00e9e-1.xnbak_.jpg 640w, https:\/\/www.tech-airconsulting.com\/wp-content\/uploads\/2018\/11\/Compresseur-dair-comprim\u00e9e-avec-r\u00e9seau-dair-comprim\u00e9e-1.xnbak_-300x225.jpg 300w\" sizes=\"(max-width: 640px) 100vw, 640px\" \/>\t\t\t\t\t\t\t\t\t\t\t\t\t<\/div>\n\t\t\t\t<\/div>\n\t\t\t\t\t<\/div>\n\t\t<\/div>\n\t\t\t\t\t<\/div>\n\t\t<\/section>\n\t\t\t\t<section class=\"elementor-section elementor-top-section elementor-element elementor-element-d3bdaa4 elementor-section-boxed elementor-section-height-default elementor-section-height-default\" data-id=\"d3bdaa4\" data-element_type=\"section\">\n\t\t\t\t\t\t<div class=\"elementor-container elementor-column-gap-default\">\n\t\t\t\t\t<div class=\"elementor-column elementor-col-100 elementor-top-column elementor-element elementor-element-32b4025\" data-id=\"32b4025\" data-element_type=\"column\">\n\t\t\t<div class=\"elementor-widget-wrap elementor-element-populated\">\n\t\t\t\t\t\t<div class=\"elementor-element elementor-element-f284bb4 elementor-widget elementor-widget-heading\" data-id=\"f284bb4\" data-element_type=\"widget\" data-widget_type=\"heading.default\">\n\t\t\t\t<div class=\"elementor-widget-container\">\n\t\t\t<h3 class=\"elementor-heading-title elementor-size-default\">Maintenance, r\u00e9alisations<\/h3>\t\t<\/div>\n\t\t\t\t<\/div>\n\t\t\t\t<div class=\"elementor-element elementor-element-82c288c elementor-widget elementor-widget-image-gallery\" data-id=\"82c288c\" data-element_type=\"widget\" data-widget_type=\"image-gallery.default\">\n\t\t\t\t<div class=\"elementor-widget-container\">\n\t\t\t\t\t<div class=\"elementor-image-gallery\">\n\t\t\t<div id='gallery-1' class='gallery galleryid-37 gallery-columns-5 gallery-size-thumbnail'><figure class='gallery-item'>\n\t\t\t<div class='gallery-icon landscape'>\n\t\t\t\t<a data-elementor-open-lightbox=\"yes\" data-elementor-lightbox-slideshow=\"82c288c\" data-elementor-lightbox-title=\"IMG_0175\" data-e-action-hash=\"#elementor-action%3Aaction%3Dlightbox%26settings%3DeyJpZCI6NTc0LCJ1cmwiOiJodHRwczpcL1wvd3d3LnRlY2gtYWlyY29uc3VsdGluZy5jb21cL3dwLWNvbnRlbnRcL3VwbG9hZHNcLzIwMTlcLzAzXC9JTUdfMDE3NS5qcGciLCJzbGlkZXNob3ciOiI4MmMyODhjIn0%3D\" href='https:\/\/www.tech-airconsulting.com\/wp-content\/uploads\/2019\/03\/IMG_0175.jpg'><img decoding=\"async\" width=\"150\" height=\"150\" src=\"https:\/\/www.tech-airconsulting.com\/wp-content\/uploads\/2019\/03\/IMG_0175-150x150.jpg\" class=\"attachment-thumbnail size-thumbnail\" alt=\"\" \/><\/a>\n\t\t\t<\/div><\/figure><figure class='gallery-item'>\n\t\t\t<div class='gallery-icon landscape'>\n\t\t\t\t<a data-elementor-open-lightbox=\"yes\" data-elementor-lightbox-slideshow=\"82c288c\" data-elementor-lightbox-title=\"IMG_0176\" data-e-action-hash=\"#elementor-action%3Aaction%3Dlightbox%26settings%3DeyJpZCI6NTc1LCJ1cmwiOiJodHRwczpcL1wvd3d3LnRlY2gtYWlyY29uc3VsdGluZy5jb21cL3dwLWNvbnRlbnRcL3VwbG9hZHNcLzIwMTlcLzAzXC9JTUdfMDE3Ni5qcGciLCJzbGlkZXNob3ciOiI4MmMyODhjIn0%3D\" href='https:\/\/www.tech-airconsulting.com\/wp-content\/uploads\/2019\/03\/IMG_0176.jpg'><img loading=\"lazy\" decoding=\"async\" width=\"150\" height=\"150\" src=\"https:\/\/www.tech-airconsulting.com\/wp-content\/uploads\/2019\/03\/IMG_0176-150x150.jpg\" class=\"attachment-thumbnail size-thumbnail\" alt=\"\" \/><\/a>\n\t\t\t<\/div><\/figure><figure class='gallery-item'>\n\t\t\t<div class='gallery-icon landscape'>\n\t\t\t\t<a data-elementor-open-lightbox=\"yes\" data-elementor-lightbox-slideshow=\"82c288c\" data-elementor-lightbox-title=\"IMG_0177\" data-e-action-hash=\"#elementor-action%3Aaction%3Dlightbox%26settings%3DeyJpZCI6NTc2LCJ1cmwiOiJodHRwczpcL1wvd3d3LnRlY2gtYWlyY29uc3VsdGluZy5jb21cL3dwLWNvbnRlbnRcL3VwbG9hZHNcLzIwMTlcLzAzXC9JTUdfMDE3Ny5qcGciLCJzbGlkZXNob3ciOiI4MmMyODhjIn0%3D\" href='https:\/\/www.tech-airconsulting.com\/wp-content\/uploads\/2019\/03\/IMG_0177.jpg'><img loading=\"lazy\" decoding=\"async\" width=\"150\" height=\"150\" src=\"https:\/\/www.tech-airconsulting.com\/wp-content\/uploads\/2019\/03\/IMG_0177-150x150.jpg\" class=\"attachment-thumbnail size-thumbnail\" alt=\"\" \/><\/a>\n\t\t\t<\/div><\/figure><figure class='gallery-item'>\n\t\t\t<div class='gallery-icon portrait'>\n\t\t\t\t<a data-elementor-open-lightbox=\"yes\" data-elementor-lightbox-slideshow=\"82c288c\" data-elementor-lightbox-title=\"Maintenance 9\" data-e-action-hash=\"#elementor-action%3Aaction%3Dlightbox%26settings%3DeyJpZCI6Mzk1LCJ1cmwiOiJodHRwczpcL1wvd3d3LnRlY2gtYWlyY29uc3VsdGluZy5jb21cL3dwLWNvbnRlbnRcL3VwbG9hZHNcLzIwMThcLzEyXC9NYWludGVuYW5jZS05LmpwZyIsInNsaWRlc2hvdyI6IjgyYzI4OGMifQ%3D%3D\" href='https:\/\/www.tech-airconsulting.com\/wp-content\/uploads\/2018\/12\/Maintenance-9.jpg'><img loading=\"lazy\" decoding=\"async\" width=\"150\" height=\"150\" src=\"https:\/\/www.tech-airconsulting.com\/wp-content\/uploads\/2018\/12\/Maintenance-9-150x150.jpg\" class=\"attachment-thumbnail size-thumbnail\" alt=\"\" \/><\/a>\n\t\t\t<\/div><\/figure><figure class='gallery-item'>\n\t\t\t<div class='gallery-icon landscape'>\n\t\t\t\t<a data-elementor-open-lightbox=\"yes\" data-elementor-lightbox-slideshow=\"82c288c\" data-elementor-lightbox-title=\"Maintenance 10\" data-e-action-hash=\"#elementor-action%3Aaction%3Dlightbox%26settings%3DeyJpZCI6Mzk2LCJ1cmwiOiJodHRwczpcL1wvd3d3LnRlY2gtYWlyY29uc3VsdGluZy5jb21cL3dwLWNvbnRlbnRcL3VwbG9hZHNcLzIwMThcLzEyXC9NYWludGVuYW5jZS0xMC5qcGciLCJzbGlkZXNob3ciOiI4MmMyODhjIn0%3D\" href='https:\/\/www.tech-airconsulting.com\/wp-content\/uploads\/2018\/12\/Maintenance-10.jpg'><img loading=\"lazy\" decoding=\"async\" width=\"150\" height=\"150\" src=\"https:\/\/www.tech-airconsulting.com\/wp-content\/uploads\/2018\/12\/Maintenance-10-150x150.jpg\" class=\"attachment-thumbnail size-thumbnail\" alt=\"\" \/><\/a>\n\t\t\t<\/div><\/figure><figure class='gallery-item'>\n\t\t\t<div class='gallery-icon landscape'>\n\t\t\t\t<a data-elementor-open-lightbox=\"yes\" data-elementor-lightbox-slideshow=\"82c288c\" data-elementor-lightbox-title=\"Maintenance 11\" data-e-action-hash=\"#elementor-action%3Aaction%3Dlightbox%26settings%3DeyJpZCI6MzkzLCJ1cmwiOiJodHRwczpcL1wvd3d3LnRlY2gtYWlyY29uc3VsdGluZy5jb21cL3dwLWNvbnRlbnRcL3VwbG9hZHNcLzIwMThcLzEyXC9NYWludGVuYW5jZS0xMS5qcGciLCJzbGlkZXNob3ciOiI4MmMyODhjIn0%3D\" href='https:\/\/www.tech-airconsulting.com\/wp-content\/uploads\/2018\/12\/Maintenance-11.jpg'><img loading=\"lazy\" decoding=\"async\" width=\"150\" height=\"150\" src=\"https:\/\/www.tech-airconsulting.com\/wp-content\/uploads\/2018\/12\/Maintenance-11-150x150.jpg\" class=\"attachment-thumbnail size-thumbnail\" alt=\"\" \/><\/a>\n\t\t\t<\/div><\/figure><figure class='gallery-item'>\n\t\t\t<div class='gallery-icon portrait'>\n\t\t\t\t<a data-elementor-open-lightbox=\"yes\" data-elementor-lightbox-slideshow=\"82c288c\" data-elementor-lightbox-title=\"IMG_4315\" data-e-action-hash=\"#elementor-action%3Aaction%3Dlightbox%26settings%3DeyJpZCI6MzkxLCJ1cmwiOiJodHRwczpcL1wvd3d3LnRlY2gtYWlyY29uc3VsdGluZy5jb21cL3dwLWNvbnRlbnRcL3VwbG9hZHNcLzIwMThcLzEyXC9JTUdfNDMxNS5qcGciLCJzbGlkZXNob3ciOiI4MmMyODhjIn0%3D\" href='https:\/\/www.tech-airconsulting.com\/wp-content\/uploads\/2018\/12\/IMG_4315.jpg'><img loading=\"lazy\" decoding=\"async\" width=\"150\" height=\"150\" src=\"https:\/\/www.tech-airconsulting.com\/wp-content\/uploads\/2018\/12\/IMG_4315-150x150.jpg\" class=\"attachment-thumbnail size-thumbnail\" alt=\"\" \/><\/a>\n\t\t\t<\/div><\/figure><figure class='gallery-item'>\n\t\t\t<div class='gallery-icon portrait'>\n\t\t\t\t<a data-elementor-open-lightbox=\"yes\" data-elementor-lightbox-slideshow=\"82c288c\" data-elementor-lightbox-title=\"Maintenance installation 3\" data-e-action-hash=\"#elementor-action%3Aaction%3Dlightbox%26settings%3DeyJpZCI6Mzg3LCJ1cmwiOiJodHRwczpcL1wvd3d3LnRlY2gtYWlyY29uc3VsdGluZy5jb21cL3dwLWNvbnRlbnRcL3VwbG9hZHNcLzIwMThcLzEyXC9NYWludGVuYW5jZS1pbnN0YWxsYXRpb24tMy5qcGciLCJzbGlkZXNob3ciOiI4MmMyODhjIn0%3D\" href='https:\/\/www.tech-airconsulting.com\/wp-content\/uploads\/2018\/12\/Maintenance-installation-3.jpg'><img loading=\"lazy\" decoding=\"async\" width=\"150\" height=\"150\" src=\"https:\/\/www.tech-airconsulting.com\/wp-content\/uploads\/2018\/12\/Maintenance-installation-3-150x150.jpg\" class=\"attachment-thumbnail size-thumbnail\" alt=\"\" \/><\/a>\n\t\t\t<\/div><\/figure>\n\t\t<\/div>\n\t\t<\/div>\n\t\t\t\t<\/div>\n\t\t\t\t<\/div>\n\t\t\t\t\t<\/div>\n\t\t<\/div>\n\t\t\t\t\t<\/div>\n\t\t<\/section>\n\t\t\t\t<\/div>\n\t\t","protected":false},"excerpt":{"rendered":"<p>La soci\u00e9t\u00e9 TECH-AIR service Maintenance est sp\u00e9cialis\u00e9e dans le domaine des syst\u00e8mes d\u2019extraction des gaz d\u2019\u00e9chappements, aspiration poussi\u00e8res de pon\u00e7ages, les cabines de peinture professionnelles en carrosserie et industrie : installation, contr\u00f4les r\u00e8glementaires, nettoyage, entretien, r\u00e9paration, pi\u00e8ces d\u00e9tach\u00e9es, conseil&#8230; Nous pouvons assurer l\u2019entretien et les contr\u00f4les de d\u00e9bits de vos installations existantes, conform\u00e9ment \u00e0 l\u2019ARTICLE &hellip;<\/p>\n<p class=\"read-more\"> <a class=\"\" href=\"https:\/\/www.tech-airconsulting.com\/?page_id=37\"> <span class=\"screen-reader-text\">MAINTENANCE, ENTRETIEN, REMISE EN \u00c9TAT ET CONTR\u00d4LE DES D\u00c9BITS<\/span>Lire plus &raquo;<\/a><\/p>\n","protected":false},"author":1,"featured_media":0,"parent":0,"menu_order":0,"comment_status":"closed","ping_status":"closed","template":"","meta":{"footnotes":""},"_links":{"self":[{"href":"https:\/\/www.tech-airconsulting.com\/index.php?rest_route=\/wp\/v2\/pages\/37"}],"collection":[{"href":"https:\/\/www.tech-airconsulting.com\/index.php?rest_route=\/wp\/v2\/pages"}],"about":[{"href":"https:\/\/www.tech-airconsulting.com\/index.php?rest_route=\/wp\/v2\/types\/page"}],"author":[{"embeddable":true,"href":"https:\/\/www.tech-airconsulting.com\/index.php?rest_route=\/wp\/v2\/users\/1"}],"replies":[{"embeddable":true,"href":"https:\/\/www.tech-airconsulting.com\/index.php?rest_route=%2Fwp%2Fv2%2Fcomments&post=37"}],"version-history":[{"count":18,"href":"https:\/\/www.tech-airconsulting.com\/index.php?rest_route=\/wp\/v2\/pages\/37\/revisions"}],"predecessor-version":[{"id":577,"href":"https:\/\/www.tech-airconsulting.com\/index.php?rest_route=\/wp\/v2\/pages\/37\/revisions\/577"}],"wp:attachment":[{"href":"https:\/\/www.tech-airconsulting.com\/index.php?rest_route=%2Fwp%2Fv2%2Fmedia&parent=37"}],"curies":[{"name":"wp","href":"https:\/\/api.w.org\/{rel}","templated":true}]}}