{"id":621,"date":"2019-04-24T09:06:59","date_gmt":"2019-04-24T07:06:59","guid":{"rendered":"http:\/\/www.tech-airconsulting.com\/?page_id=621"},"modified":"2019-08-06T18:11:40","modified_gmt":"2019-08-06T16:11:40","slug":"aide-financiere-simplifiee-air-bonus","status":"publish","type":"page","link":"https:\/\/www.tech-airconsulting.com\/?page_id=621","title":{"rendered":"Aide Financi\u00e8re Simplifi\u00e9e Air Bonus"},"content":{"rendered":"\t\t<div data-elementor-type=\"wp-post\" data-elementor-id=\"621\" class=\"elementor elementor-621 elementor-bc-flex-widget\" data-elementor-post-type=\"page\">\n\t\t\t\t\t\t<section class=\"elementor-section elementor-top-section elementor-element elementor-element-0e94f00 elementor-section-stretched elementor-section-boxed elementor-section-height-default elementor-section-height-default\" data-id=\"0e94f00\" data-element_type=\"section\" data-settings=\"{&quot;stretch_section&quot;:&quot;section-stretched&quot;,&quot;background_background&quot;:&quot;classic&quot;}\">\n\t\t\t\t\t\t<div class=\"elementor-container elementor-column-gap-default\">\n\t\t\t\t\t<div class=\"elementor-column elementor-col-100 elementor-top-column elementor-element elementor-element-7df0d3d\" data-id=\"7df0d3d\" data-element_type=\"column\">\n\t\t\t<div class=\"elementor-widget-wrap elementor-element-populated\">\n\t\t\t\t\t\t<div class=\"elementor-element elementor-element-5afcffb elementor--h-position-center elementor--v-position-middle elementor-arrows-position-inside elementor-pagination-position-inside elementor-widget elementor-widget-slides\" data-id=\"5afcffb\" data-element_type=\"widget\" data-settings=\"{&quot;navigation&quot;:&quot;both&quot;,&quot;autoplay&quot;:&quot;yes&quot;,&quot;pause_on_hover&quot;:&quot;yes&quot;,&quot;pause_on_interaction&quot;:&quot;yes&quot;,&quot;autoplay_speed&quot;:5000,&quot;infinite&quot;:&quot;yes&quot;,&quot;transition&quot;:&quot;slide&quot;,&quot;transition_speed&quot;:500}\" data-widget_type=\"slides.default\">\n\t\t\t\t<div class=\"elementor-widget-container\">\n\t\t\t\t\t<div class=\"elementor-swiper\">\n\t\t\t<div class=\"elementor-slides-wrapper elementor-main-swiper swiper\" dir=\"ltr\" data-animation=\"fadeInUp\">\n\t\t\t\t<div class=\"swiper-wrapper elementor-slides\">\n\t\t\t\t\t\t\t\t\t\t<div class=\"elementor-repeater-item-a3b8058 swiper-slide\"><div class=\"swiper-slide-bg elementor-ken-burns elementor-ken-burns--out\" role=\"img\"><\/div><div class=\"swiper-slide-inner\" ><div class=\"swiper-slide-contents\"><\/div><\/div><\/div><div class=\"elementor-repeater-item-02a2ffe swiper-slide\"><div class=\"swiper-slide-bg elementor-ken-burns elementor-ken-burns--out\" role=\"img\"><\/div><div class=\"swiper-slide-inner\" ><div class=\"swiper-slide-contents\"><\/div><\/div><\/div><div class=\"elementor-repeater-item-d66c9a0 swiper-slide\"><div class=\"swiper-slide-bg elementor-ken-burns elementor-ken-burns--out\" role=\"img\"><\/div><div class=\"swiper-slide-inner\" ><div class=\"swiper-slide-contents\"><\/div><\/div><\/div>\t\t\t\t<\/div>\n\t\t\t\t\t\t\t\t\t\t\t\t\t\t\t<div class=\"swiper-pagination\"><\/div>\n\t\t\t\t\t\t\t\t\t\t\t\t\t\t\t\t<div class=\"elementor-swiper-button elementor-swiper-button-prev\" role=\"button\" tabindex=\"0\">\n\t\t\t\t\t\t\t<i aria-hidden=\"true\" class=\"eicon-chevron-left\"><\/i>\t\t\t\t\t\t\t<span class=\"elementor-screen-only\">Diapositive pr\u00e9c\u00e9dente<\/span>\n\t\t\t\t\t\t<\/div>\n\t\t\t\t\t\t<div class=\"elementor-swiper-button elementor-swiper-button-next\" role=\"button\" tabindex=\"0\">\n\t\t\t\t\t\t\t<i aria-hidden=\"true\" class=\"eicon-chevron-right\"><\/i>\t\t\t\t\t\t\t<span class=\"elementor-screen-only\">Diapositive suivante<\/span>\n\t\t\t\t\t\t<\/div>\n\t\t\t\t\t\t\t\t\t\t\t\t<\/div>\n\t\t<\/div>\n\t\t\t\t<\/div>\n\t\t\t\t<\/div>\n\t\t\t\t\t<\/div>\n\t\t<\/div>\n\t\t\t\t\t<\/div>\n\t\t<\/section>\n\t\t\t\t<section class=\"elementor-section elementor-top-section elementor-element elementor-element-7e058491 elementor-section-boxed elementor-section-height-default elementor-section-height-default\" data-id=\"7e058491\" data-element_type=\"section\">\n\t\t\t\t\t\t<div class=\"elementor-container elementor-column-gap-default\">\n\t\t\t\t\t<div class=\"elementor-column elementor-col-100 elementor-top-column elementor-element elementor-element-535ae281\" data-id=\"535ae281\" data-element_type=\"column\">\n\t\t\t<div class=\"elementor-widget-wrap elementor-element-populated\">\n\t\t\t\t\t\t<div class=\"elementor-element elementor-element-357b7979 elementor-widget elementor-widget-text-editor\" data-id=\"357b7979\" data-element_type=\"widget\" data-widget_type=\"text-editor.default\">\n\t\t\t\t<div class=\"elementor-widget-container\">\n\t\t\t\t\t\t\t<p>L&rsquo;AFS Air Bonus vise \u00e0 encourager le d\u00e9ploiement de mesures de pr\u00e9vention contre l\u2019exposition des salari\u00e9s des garages de r\u00e9paration automobile et des centres de contr\u00f4le technique aux gaz et fum\u00e9es d\u2019\u00e9chappement. Sont concern\u00e9es les entreprises de 1 \u00e0 49 salari\u00e9s d\u00e9pendant du r\u00e9gime g\u00e9n\u00e9ral et r\u00e9pondant aux codes risques suivants\u00a0:<\/p><ul><li>501ZF\u00a0: Importation, commerce, entretien, r\u00e9paration de v\u00e9hicules automobiles de marque (importateurs, concessionnaires, agents, r\u00e9parateurs agr\u00e9\u00e9s), commerce et r\u00e9paration ind\u00e9pendante (\u00e0 l\u2019exception 502ZH et 341ZE). Fabrication, r\u00e9paration, commerce de motocycles, cycles et v\u00e9hicules divers (y compris pi\u00e8ces et \u00e9quipements). Electricit\u00e9 automobile,<\/li><li>341ZE\u00a0: Construction de v\u00e9hicules automobiles. Succursales et filiales des constructeurs,<\/li><li>502ZH\u00a0: D\u00e9pannage, remorquage de v\u00e9hicules automobiles (sans atelier de r\u00e9paration et non annex\u00e9 \u00e0 un garage). M\u00e9caniciens r\u00e9parateurs n&rsquo;appartenant pas \u00e0 un r\u00e9seau de marque automobile. Fabrication ou fabrication associ\u00e9e \u00e0 la r\u00e9paration de menuiserie, t\u00f4lerie, sellerie, peintures sp\u00e9cialis\u00e9es de voitures. R\u00e9cup\u00e9ration de mati\u00e8res m\u00e9talliques recyclables,<\/li><li>741GB\u00a0: Groupements d&#8217;employeurs. Coop\u00e9ratives d&rsquo;activit\u00e9 et d&#8217;emploi. Services divers rendus principalement aux entreprises non d\u00e9sign\u00e9s par ailleurs,<\/li><li>742CB\u00a0: Cabinets d&rsquo;\u00e9tudes techniques\u00a0: agences de brevets, expertises, expertises en oeuvre d&rsquo;art. -Expert charg\u00e9 d&rsquo;\u00e9valuer les dommages (ou les risques),<\/li><li>743BA\u00a0: Bureaux d&rsquo;essais, bancs d&rsquo;essais.<\/li><li>L&rsquo;aide finance\u00a0:<\/li><li>pour un garage ou un centre de contr\u00f4le technique VL\u00a0: l&rsquo;acquisition ou la r\u00e9novation d&rsquo;une ou plusieurs parties d\u2019un syst\u00e8me de captage des gaz et fum\u00e9es d\u2019\u00e9chappement avec des capteurs adapt\u00e9s \u00e0 l\u2019activit\u00e9. Il peut s\u2019agir de syst\u00e8mes fixes, ou sur rail,<\/li><li>pour un centre de contr\u00f4le technique PL\u00a0: l&rsquo;acquisition d&rsquo;une cabine en surpression pour la protection des salari\u00e9s lors des phases polluantes du contr\u00f4le technique autorisant le contr\u00f4leur technique \u00e0 s\u2019\u00e9loigner du v\u00e9hicule (le financement porte sur la fabrication de la cabine, sa pose et l\u2019installation des \u00e9quipements de contr\u00f4le (non fournis) dans la cabine) ou la r\u00e9novation d\u2019une ou plusieurs parties d\u2019un syst\u00e8me de captage des gaz et fum\u00e9es d\u2019\u00e9chappement,<\/li><li>En option, peut \u00eatre acquis par un garage ou un centre de contr\u00f4le technique VL ou PL \u00e0 un syst\u00e8me de ventilation g\u00e9n\u00e9rale m\u00e9canis\u00e9e en compl\u00e9ment du financement de l\u2019acquisition ou de la r\u00e9novation d\u2019un syst\u00e8me de captage ou en compl\u00e9ment d\u2019un syst\u00e8me de captage pr\u00e9existant et conforme au cahier des charges de l\u2019Assurance Maladie-Risques Professionnels.<\/li><li>L&rsquo;aide \u00ab\u00a0Air Bonus\u00a0\u00bb fait partie des AFS (Aides Financi\u00e8res Simplifi\u00e9es). Les AFS sont des aides financi\u00e8res soutenant les actions des entreprises pour l&rsquo;am\u00e9lioration de la s\u00e9curit\u00e9 et des conditions de travail de leurs salari\u00e9s.<\/li><li>L&rsquo;AFS Air Bonus peut \u00eatre r\u00e9serv\u00e9e jusqu&rsquo;au 31\/12\/2020.<\/li><\/ul><h3>Montants<\/h3><ul><li>L&rsquo;aide intervient sous forme de subvention. Son taux d&rsquo;intervention est limit\u00e9 \u00e0\u00a0:<\/li><li>5000\u00a0\u20ac par syst\u00e8me de captage neuf pour un garage ou centre de contr\u00f4le technique v\u00e9hicule l\u00e9ger (VL),<\/li><li>3000\u00a0\u20ac pour la r\u00e9novation d\u2019un syst\u00e8me de captage (extracteur, capteur ou r\u00e9seau) pour un garage, un centre de contr\u00f4le VL ou poids lourd (PL),<\/li><li>3000\u00a0\u20ac par cabine en surpression install\u00e9e pour un centre contr\u00f4le technique PL,<\/li><li>2000\u00a0\u20ac par syst\u00e8me de ventilation g\u00e9n\u00e9rale m\u00e9canis\u00e9e, pour un garage, un centre de contr\u00f4le VL ou PL uniquement en compl\u00e9ment\u00a0: du financement d\u2019un syst\u00e8me de captage neuf ou du financement de la r\u00e9novation d\u2019un syst\u00e8me ou de l\u2019existence d\u2019un syst\u00e8me de captage conforme au cahier des charges de l\u2019Assurance Maladie \u2013 Risques Professionnels.<\/li><\/ul><h3>Fichiers attach\u00e9s<\/h3><ul><li><a href=\"http:\/\/www.tech-airconsulting.com\/wp-content\/uploads\/2019\/08\/Formulaire-aide-airbonus.pdf\">Formulaire de r\u00e9servation \/ Demande d&rsquo;aide Airbonus<\/a><\/li><\/ul><h3>B\u00e9n\u00e9ficiaires<\/h3><h3>Accessible si :<\/h3><ul><li>Effectif d&rsquo;au moins 1 salari\u00e9 et de moins de 50 salari\u00e9s.<\/li><li>Activit\u00e9 exerc\u00e9e (APE)<\/li><li>7120A &#8211; Contr\u00f4le technique automobile<\/li><li>Crit\u00e8res compl\u00e9mentaires<\/li><li>Situation &#8211; R\u00e9glementation<\/li><li>A jour des versements fiscaux et sociaux<\/li><\/ul><h3>Caisse d&rsquo;Assurance Retraite et de la Sant\u00e9 au Travail<\/h3><ul><li><strong>Acc\u00e8s aux contacts locaux<\/strong><br \/>Web : <a href=\"http:\/\/www.risquesprofessionnels.ameli.fr\/contact.html\" target=\"_blank\" rel=\"noopener\">www.risquesprofessionnels.ameli.fr\/&#8230;<\/a><\/li><\/ul><h3>Informations compl\u00e9mentaires<\/h3><ul><li>Fiche produite par le gestionnaire national S\u00e9maphore<\/li><li>Mise \u00e0 jour le 4 f\u00e9vrier 2019<\/li><li>G\u00e9n\u00e9r\u00e9e le 25 mars 2019<\/li><\/ul><h3>Limites de responsabilit\u00e9<\/h3><p>L&rsquo;acc\u00e8s aux fiches ne conf\u00e8re en aucune mani\u00e8re la qualit\u00e9 de b\u00e9n\u00e9ficiaire a priori ou d&rsquo;ayant droit des aides.<br \/>Les organismes instructeurs des dispositifs sont les seuls comp\u00e9tents pour d\u00e9cider de l&rsquo;attribution des dispositifs d\u00e9crits.<br \/>Malgr\u00e9 le soin apport\u00e9 \u00e0 leur r\u00e9daction et \u00e0 leur actualisation, les informations indiqu\u00e9es sur les fiches dispositifs S\u00e9maphore\u00ae ne peuvent en aucune mani\u00e8re engager la responsabilit\u00e9 de l&rsquo;organisation S\u00e9maphore\u00ae.<br \/>L&rsquo;acc\u00e8s \u00e0 certains dispositifs peut \u00eatre suspendu en cas d&rsquo;\u00e9puisement des budgets qui leur sont attribu\u00e9s. Les crit\u00e8res d&rsquo;\u00e9ligibilit\u00e9 peuvent \u00eatre modifi\u00e9s \u00e0 tout moment sans pr\u00e9avis.<\/p>\t\t\t\t\t\t<\/div>\n\t\t\t\t<\/div>\n\t\t\t\t\t<\/div>\n\t\t<\/div>\n\t\t\t\t\t<\/div>\n\t\t<\/section>\n\t\t\t\t<\/div>\n\t\t","protected":false},"excerpt":{"rendered":"<p>L&rsquo;AFS Air Bonus vise \u00e0 encourager le d\u00e9ploiement de mesures de pr\u00e9vention contre l\u2019exposition des salari\u00e9s des garages de r\u00e9paration automobile et des centres de contr\u00f4le technique aux gaz et fum\u00e9es d\u2019\u00e9chappement. Sont concern\u00e9es les entreprises de 1 \u00e0 49 salari\u00e9s d\u00e9pendant du r\u00e9gime g\u00e9n\u00e9ral et r\u00e9pondant aux codes risques suivants\u00a0: 501ZF\u00a0: Importation, commerce, entretien, &hellip;<\/p>\n<p class=\"read-more\"> <a class=\"\" href=\"https:\/\/www.tech-airconsulting.com\/?page_id=621\"> <span class=\"screen-reader-text\">Aide Financi\u00e8re Simplifi\u00e9e Air Bonus<\/span>Lire plus &raquo;<\/a><\/p>\n","protected":false},"author":1,"featured_media":0,"parent":31,"menu_order":0,"comment_status":"closed","ping_status":"closed","template":"","meta":{"footnotes":""},"_links":{"self":[{"href":"https:\/\/www.tech-airconsulting.com\/index.php?rest_route=\/wp\/v2\/pages\/621"}],"collection":[{"href":"https:\/\/www.tech-airconsulting.com\/index.php?rest_route=\/wp\/v2\/pages"}],"about":[{"href":"https:\/\/www.tech-airconsulting.com\/index.php?rest_route=\/wp\/v2\/types\/page"}],"author":[{"embeddable":true,"href":"https:\/\/www.tech-airconsulting.com\/index.php?rest_route=\/wp\/v2\/users\/1"}],"replies":[{"embeddable":true,"href":"https:\/\/www.tech-airconsulting.com\/index.php?rest_route=%2Fwp%2Fv2%2Fcomments&post=621"}],"version-history":[{"count":6,"href":"https:\/\/www.tech-airconsulting.com\/index.php?rest_route=\/wp\/v2\/pages\/621\/revisions"}],"predecessor-version":[{"id":748,"href":"https:\/\/www.tech-airconsulting.com\/index.php?rest_route=\/wp\/v2\/pages\/621\/revisions\/748"}],"up":[{"embeddable":true,"href":"https:\/\/www.tech-airconsulting.com\/index.php?rest_route=\/wp\/v2\/pages\/31"}],"wp:attachment":[{"href":"https:\/\/www.tech-airconsulting.com\/index.php?rest_route=%2Fwp%2Fv2%2Fmedia&parent=621"}],"curies":[{"name":"wp","href":"https:\/\/api.w.org\/{rel}","templated":true}]}}